{"id":27,"date":"2017-04-04T13:01:20","date_gmt":"2017-04-04T17:01:20","guid":{"rendered":"http:\/\/exterminationmontreal.com\/?page_id=27\/"},"modified":"2017-04-13T12:16:17","modified_gmt":"2017-04-13T16:16:17","slug":"profile-extermination-extercan","status":"publish","type":"page","link":"https:\/\/exterminationmontreal.com\/en\/profile-extermination-extercan\/","title":{"rendered":"PROFILE"},"content":{"rendered":"<div id=\"dslc-content\" class=\"dslc-content dslc-clearfix\"><div id=\"dslc-main\">\n\t\t<div  class=\"dslc-modules-section  dslc-full \" style=\"margin-bottom:41px;padding-bottom:0px;padding-top:0px;\" data-section-id=\"e41ddceb8f9\">\n\t\t\t\t\n\t\t\t\t\n\t\t\t\t<div class=\"dslc-modules-section-wrapper dslc-clearfix\"><div class=\"dslc-modules-area dslc-col dslc-12-col dslc-last-col\" data-size=\"12\" data-valign=\"\">\n\t\t<div id=\"dslc-module-411b0db6e2a\" class=\"dslc-module-front dslc-module-DSLC_Image dslc-in-viewport-check dslc-in-viewport-anim-none  dslc-col dslc-12-col dslc-last-col  dslc-module-handle-like-regular \" data-module-id=\"411b0db6e2a\" data-module=\"DSLC_Image\" data-dslc-module-size=\"12\" data-dslc-anim=\"none\" data-dslc-anim-delay=\"0\" data-dslc-anim-duration=\"650\"  data-dslc-anim-easing=\"ease\" data-dslc-preset=\"none\" >\n\n\t\t\t\n\t\t\t\n\t\t\t\t<div class=\"dslc-image-container\">\r\n\t\t<div class=\"dslc-image\">\r\n\r\n\t\t\t\r\n\t\t\t\t\r\n\t\t\t\t\t\t\t\t\t<img src=\"https:\/\/exterminationmontreal.com\/wp-content\/uploads\/2017\/04\/banner_profile.jpg\" alt=\"\" title=\"\" srcset=\"https:\/\/exterminationmontreal.com\/wp-content\/uploads\/2017\/04\/banner_profile.jpg 1920w, https:\/\/exterminationmontreal.com\/wp-content\/uploads\/2017\/04\/banner_profile-300x47.jpg 300w, https:\/\/exterminationmontreal.com\/wp-content\/uploads\/2017\/04\/banner_profile-768x120.jpg 768w, https:\/\/exterminationmontreal.com\/wp-content\/uploads\/2017\/04\/banner_profile-1024x160.jpg 1024w, https:\/\/exterminationmontreal.com\/wp-content\/uploads\/2017\/04\/banner_profile-680x106.jpg 680w, https:\/\/exterminationmontreal.com\/wp-content\/uploads\/2017\/04\/banner_profile-540x84.jpg 540w\" sizes=\"(max-width: 1920px) 100vw, 1920px\" \/>\r\n\t\t\t\t\r\n\t\t\t\t\t\t\t\t\t<\/div><!-- .dslc-image -->\r\n\t\t<\/div>\r\n\t\t\n\t\t\t\t<\/div><!-- .dslc-module -->\n\t\t<\/div><\/div><\/div>\n\t\t<div  class=\"dslc-modules-section \" style=\"margin-bottom:41px;padding-bottom:0px;padding-top:0px;\" data-section-id=\"e41ddceb8f9\">\n\t\t\t\t\n\t\t\t\t\n\t\t\t\t<div class=\"dslc-modules-section-wrapper dslc-clearfix\"><div class=\"dslc-modules-area dslc-col dslc-12-col dslc-last-col\" data-size=\"12\" data-valign=\"\">\n\t\t<div id=\"dslc-module-c3d32107bc8\" class=\"dslc-module-front dslc-module-DSLC_Text_Simple dslc-in-viewport-check dslc-in-viewport-anim-none  dslc-col dslc-12-col dslc-last-col  dslc-module-handle-like-regular \" data-module-id=\"c3d32107bc8\" data-module=\"DSLC_Text_Simple\" data-dslc-module-size=\"12\" data-dslc-anim=\"none\" data-dslc-anim-delay=\"\" data-dslc-anim-duration=\"650\"  data-dslc-anim-easing=\"ease\" data-dslc-preset=\"none\" >\n\n\t\t\t\n\t\t\t\n\t\t\r\n\t\t<div class=\"dslc-text-module-content\">\r\n\t\t\t<h1>PROFILE<\/h1><p>\"<strong>The Certified Exterminators of Greater Montreal<\/strong>\" mission is to provide the general public, the best service in parasite control in Quebec.\u00a0<\/p><p>Known for its expertise, the group oversees four companies covering the territory of Greater Montreal, Laval and the Lower Laurentians. They offer a complete service of extermination, prevention, identification of insects and consulting services (estimates and inspection report) addressing the individual as to all companies or public institutions.<\/p><p>Its experienced and certified technicians from the Ministry of Environment focus of interventions and techniques, proven very safe to obtain the best results.<\/p><p>The use of natural products and biodegradable are preferred.\u00a0<\/p><p>The work is guaranteed, and at the best price.<\/p><p><br><\/p><h1><strong>The Certified Exterminators of Greater Montreal is also;<\/strong><\/h1><p>A front-line staff to listen to customers.<br>A team of experienced technicians and certified by the Ministry of Environment (MDDEP).<br>Techniques of safe and effective pest control.<br>Guaranteed work at no additional cost.<br>Servicing Greater Region of Montreal, Laval, Laurentians and North Shore.<br>A fast and reliable service.<br>Competitive prices.<\/p><p><br><\/p><h1><strong>Our Commitment<\/strong><\/h1><p>Guarantee the public a quality service, performed according to the rules, safely by our competent and courteous certified technicians.<\/p><p>Five branches to serve you better!<\/p><p><strong>Extermination West Island<br><\/strong><strong>Exter-Can Extermination Montr\u00e9al<br>Extermination des Mille-\u00celes<br>Extermination des Monts<br>Exterminateurs Certifi\u00e9s du Grand Montr\u00e9al<br><\/strong><\/p>\t\t<\/div>\r\n\r\n\t\t\n\t\t\t\t<\/div><!-- .dslc-module -->\n\t\t<\/div><\/div><\/div>\n\t\t<div  class=\"dslc-modules-section \" style=\"margin-bottom:41px;padding-bottom:0px;padding-top:0px;\" data-section-id=\"e41ddceb8f9\">\n\t\t\t\t\n\t\t\t\t\n\t\t\t\t<div class=\"dslc-modules-section-wrapper dslc-clearfix\"><div class=\"dslc-modules-area dslc-col dslc-12-col dslc-last-col\" data-size=\"12\" data-valign=\"\">\n\t\t<div id=\"dslc-module-c1615b8e60b\" class=\"dslc-module-front dslc-module-DSLC_Image dslc-in-viewport-check dslc-in-viewport-anim-none  dslc-col dslc-12-col dslc-last-col  dslc-module-handle-like-regular \" data-module-id=\"c1615b8e60b\" data-module=\"DSLC_Image\" data-dslc-module-size=\"12\" data-dslc-anim=\"none\" data-dslc-anim-delay=\"0\" data-dslc-anim-duration=\"650\"  data-dslc-anim-easing=\"ease\" data-dslc-preset=\"none\" >\n\n\t\t\t\n\t\t\t\n\t\t\t\t<div class=\"dslc-image-container\">\r\n\t\t<div class=\"dslc-image\">\r\n\r\n\t\t\t\r\n\t\t\t\t\r\n\t\t\t\t\t\t\t\t\t<a class=\"\" href=\"http:\/\/exterminationwestisland.com\/en\/\" target=\"_blank\"  >\r\n\t\t\t\t\t\t\t\t\t<img src=\"https:\/\/exterminationmontreal.com\/wp-content\/uploads\/2017\/04\/accreditations.jpg\" alt=\"\" title=\"\" srcset=\"https:\/\/exterminationmontreal.com\/wp-content\/uploads\/2017\/04\/accreditations.jpg 917w, https:\/\/exterminationmontreal.com\/wp-content\/uploads\/2017\/04\/accreditations-300x52.jpg 300w, https:\/\/exterminationmontreal.com\/wp-content\/uploads\/2017\/04\/accreditations-768x134.jpg 768w, https:\/\/exterminationmontreal.com\/wp-content\/uploads\/2017\/04\/accreditations-680x119.jpg 680w, https:\/\/exterminationmontreal.com\/wp-content\/uploads\/2017\/04\/accreditations-540x94.jpg 540w\" sizes=\"(max-width: 917px) 100vw, 917px\" \/>\r\n\t\t\t\t\t\t\t\t\t<\/a>\r\n\t\t\t\t\r\n\t\t\t\t\t\t\t\t\t<\/div><!-- .dslc-image -->\r\n\t\t<\/div>\r\n\t\t\n\t\t\t\t<\/div><!-- .dslc-module -->\n\t\t<\/div><\/div><\/div>\n\t\t<div  class=\"dslc-modules-section \" style=\"\" data-section-id=\"423e838ce88\">\n\t\t\t\t\n\t\t\t\t\n\t\t\t\t<div class=\"dslc-modules-section-wrapper dslc-clearfix\"><div class=\"dslc-modules-area dslc-col dslc-12-col dslc-last-col\" data-size=\"12\" data-valign=\"\">\n\t\t<div id=\"dslc-module-ba9becf4078\" class=\"dslc-module-front dslc-module-DSLC_Text_Simple dslc-in-viewport-check dslc-in-viewport-anim-none  dslc-col dslc-12-col dslc-last-col  dslc-module-handle-like-regular \" data-module-id=\"ba9becf4078\" data-module=\"DSLC_Text_Simple\" data-dslc-module-size=\"12\" data-dslc-anim=\"none\" data-dslc-anim-delay=\"0\" data-dslc-anim-duration=\"650\"  data-dslc-anim-easing=\"ease\" data-dslc-preset=\"none\" >\n\n\t\t\t\n\t\t\t\n\t\t\r\n\t\t<div class=\"dslc-text-module-content\">\r\n\t\t\t<h1 style=\"text-align: center;\">BRANCHES<\/h1>\t\t<\/div>\r\n\r\n\t\t\n\t\t\t\t<\/div><!-- .dslc-module -->\n\t\t\n\t\t<div id=\"dslc-module-a2pl442av2g\" class=\"dslc-module-front dslc-module-DSLC_Image dslc-in-viewport-check dslc-in-viewport-anim-none  dslc-col dslc-12-col dslc-last-col  dslc-module-handle-like-regular \" data-module-id=\"a2pl442av2g\" data-module=\"DSLC_Image\" data-dslc-module-size=\"12\" data-dslc-anim=\"none\" data-dslc-anim-delay=\"0\" data-dslc-anim-duration=\"650\"  data-dslc-anim-easing=\"ease\" data-dslc-preset=\"none\" >\n\n\t\t\t\n\t\t\t\n\t\t\t\t<div class=\"dslc-image-container\">\r\n\t\t<div class=\"dslc-image\">\r\n\r\n\t\t\t\r\n\t\t\t\t\r\n\t\t\t\t\t\t\t\t\t<a class=\"\" href=\"http:\/\/exterminationwestisland.com\/en\/\" target=\"_blank\"  >\r\n\t\t\t\t\t\t\t\t\t<img src=\"https:\/\/exterminationmontreal.com\/wp-content\/uploads\/2017\/04\/banner_logos-1.jpg\" alt=\"\" title=\"\" srcset=\"https:\/\/exterminationmontreal.com\/wp-content\/uploads\/2017\/04\/banner_logos-1.jpg 1170w, https:\/\/exterminationmontreal.com\/wp-content\/uploads\/2017\/04\/banner_logos-1-300x41.jpg 300w, https:\/\/exterminationmontreal.com\/wp-content\/uploads\/2017\/04\/banner_logos-1-768x105.jpg 768w, https:\/\/exterminationmontreal.com\/wp-content\/uploads\/2017\/04\/banner_logos-1-1024x140.jpg 1024w, https:\/\/exterminationmontreal.com\/wp-content\/uploads\/2017\/04\/banner_logos-1-680x93.jpg 680w, https:\/\/exterminationmontreal.com\/wp-content\/uploads\/2017\/04\/banner_logos-1-540x74.jpg 540w\" sizes=\"(max-width: 1170px) 100vw, 1170px\" \/>\r\n\t\t\t\t\t\t\t\t\t<\/a>\r\n\t\t\t\t\r\n\t\t\t\t\t\t\t\t\t<\/div><!-- .dslc-image -->\r\n\t\t<\/div>\r\n\t\t\n\t\t\t\t<\/div><!-- .dslc-module -->\n\t\t<\/div><\/div><\/div><\/div><\/div>","protected":false},"excerpt":{"rendered":"<p>PROFILE&#8221;The Certified Exterminators of Greater Montreal&#8221; mission is to provide the general public, the best service in parasite control in Quebec.\u00a0Known for its expertise, the group oversees four companies covering&nbsp;[&hellip;]<\/p>\n","protected":false},"author":2,"featured_media":0,"parent":0,"menu_order":0,"comment_status":"closed","ping_status":"closed","template":"page-templates\/page_builder.php","meta":{"footnotes":""},"class_list":["post-27","page","type-page","status-publish","hentry","clearfix"],"yoast_head":"<!-- This site is optimized with the Yoast SEO plugin v26.8 - https:\/\/yoast.com\/product\/yoast-seo-wordpress\/ -->\n<title>PROFILE - Extermination ExterCan<\/title>\n<meta name=\"robots\" content=\"index, follow, max-snippet:-1, max-image-preview:large, max-video-preview:-1\" \/>\n<link rel=\"canonical\" href=\"https:\/\/exterminationmontreal.com\/en\/profile-extermination-extercan\/\" \/>\n<meta property=\"og:locale\" content=\"en_US\" \/>\n<meta property=\"og:type\" content=\"article\" \/>\n<meta property=\"og:title\" content=\"PROFILE - Extermination ExterCan\" \/>\n<meta property=\"og:description\" content=\"PROFILE&quot;The Certified Exterminators of Greater Montreal&quot; mission is to provide the general public, the best service in parasite control in Quebec.\u00a0Known for its expertise, the group oversees four companies covering&nbsp;[&hellip;]\" \/>\n<meta property=\"og:url\" content=\"https:\/\/exterminationmontreal.com\/en\/profile-extermination-extercan\/\" \/>\n<meta property=\"og:site_name\" content=\"Extermination ExterCan\" \/>\n<meta property=\"article:modified_time\" content=\"2017-04-13T16:16:17+00:00\" \/>\n<meta name=\"twitter:card\" content=\"summary_large_image\" \/>\n<meta name=\"twitter:label1\" content=\"Est. reading time\" \/>\n\t<meta name=\"twitter:data1\" content=\"1 minute\" \/>\n<script type=\"application\/ld+json\" class=\"yoast-schema-graph\">{\"@context\":\"https:\/\/schema.org\",\"@graph\":[{\"@type\":\"WebPage\",\"@id\":\"https:\/\/exterminationmontreal.com\/en\/profile-extermination-extercan\/\",\"url\":\"https:\/\/exterminationmontreal.com\/en\/profile-extermination-extercan\/\",\"name\":\"PROFILE - Extermination ExterCan\",\"isPartOf\":{\"@id\":\"https:\/\/exterminationmontreal.com\/en\/#website\"},\"primaryImageOfPage\":{\"@id\":\"https:\/\/exterminationmontreal.com\/en\/profile-extermination-extercan\/#primaryimage\"},\"image\":{\"@id\":\"https:\/\/exterminationmontreal.com\/en\/profile-extermination-extercan\/#primaryimage\"},\"thumbnailUrl\":\"https:\/\/exterminationmontreal.com\/wp-content\/uploads\/2017\/04\/banner_profile.jpg\",\"datePublished\":\"2017-04-04T17:01:20+00:00\",\"dateModified\":\"2017-04-13T16:16:17+00:00\",\"breadcrumb\":{\"@id\":\"https:\/\/exterminationmontreal.com\/en\/profile-extermination-extercan\/#breadcrumb\"},\"inLanguage\":\"en-US\",\"potentialAction\":[{\"@type\":\"ReadAction\",\"target\":[\"https:\/\/exterminationmontreal.com\/en\/profile-extermination-extercan\/\"]}]},{\"@type\":\"ImageObject\",\"inLanguage\":\"en-US\",\"@id\":\"https:\/\/exterminationmontreal.com\/en\/profile-extermination-extercan\/#primaryimage\",\"url\":\"https:\/\/exterminationmontreal.com\/wp-content\/uploads\/2017\/04\/banner_profile.jpg\",\"contentUrl\":\"https:\/\/exterminationmontreal.com\/wp-content\/uploads\/2017\/04\/banner_profile.jpg\"},{\"@type\":\"BreadcrumbList\",\"@id\":\"https:\/\/exterminationmontreal.com\/en\/profile-extermination-extercan\/#breadcrumb\",\"itemListElement\":[{\"@type\":\"ListItem\",\"position\":1,\"name\":\"Home\",\"item\":\"https:\/\/exterminationmontreal.com\/en\/\"},{\"@type\":\"ListItem\",\"position\":2,\"name\":\"PROFILE\"}]},{\"@type\":\"WebSite\",\"@id\":\"https:\/\/exterminationmontreal.com\/en\/#website\",\"url\":\"https:\/\/exterminationmontreal.com\/en\/\",\"name\":\"Extermination ExterCan\",\"description\":\"Extermination and Bug Control\",\"publisher\":{\"@id\":\"https:\/\/exterminationmontreal.com\/en\/#organization\"},\"potentialAction\":[{\"@type\":\"SearchAction\",\"target\":{\"@type\":\"EntryPoint\",\"urlTemplate\":\"https:\/\/exterminationmontreal.com\/en\/?s={search_term_string}\"},\"query-input\":{\"@type\":\"PropertyValueSpecification\",\"valueRequired\":true,\"valueName\":\"search_term_string\"}}],\"inLanguage\":\"en-US\"},{\"@type\":\"Organization\",\"@id\":\"https:\/\/exterminationmontreal.com\/en\/#organization\",\"name\":\"Extermination ExterCan\",\"url\":\"https:\/\/exterminationmontreal.com\/en\/\",\"logo\":{\"@type\":\"ImageObject\",\"inLanguage\":\"en-US\",\"@id\":\"https:\/\/exterminationmontreal.com\/en\/#\/schema\/logo\/image\/\",\"url\":\"https:\/\/exterminationmontreal.com\/wp-content\/uploads\/2017\/04\/extermination_exter_can.jpg\",\"contentUrl\":\"https:\/\/exterminationmontreal.com\/wp-content\/uploads\/2017\/04\/extermination_exter_can.jpg\",\"width\":300,\"height\":150,\"caption\":\"Extermination ExterCan\"},\"image\":{\"@id\":\"https:\/\/exterminationmontreal.com\/en\/#\/schema\/logo\/image\/\"}}]}<\/script>\n<!-- \/ Yoast SEO plugin. -->","yoast_head_json":{"title":"PROFILE - Extermination ExterCan","robots":{"index":"index","follow":"follow","max-snippet":"max-snippet:-1","max-image-preview":"max-image-preview:large","max-video-preview":"max-video-preview:-1"},"canonical":"https:\/\/exterminationmontreal.com\/en\/profile-extermination-extercan\/","og_locale":"en_US","og_type":"article","og_title":"PROFILE - Extermination ExterCan","og_description":"PROFILE\"The Certified Exterminators of Greater Montreal\" mission is to provide the general public, the best service in parasite control in Quebec.\u00a0Known for its expertise, the group oversees four companies covering&nbsp;[&hellip;]","og_url":"https:\/\/exterminationmontreal.com\/en\/profile-extermination-extercan\/","og_site_name":"Extermination ExterCan","article_modified_time":"2017-04-13T16:16:17+00:00","twitter_card":"summary_large_image","twitter_misc":{"Est. reading time":"1 minute"},"schema":{"@context":"https:\/\/schema.org","@graph":[{"@type":"WebPage","@id":"https:\/\/exterminationmontreal.com\/en\/profile-extermination-extercan\/","url":"https:\/\/exterminationmontreal.com\/en\/profile-extermination-extercan\/","name":"PROFILE - Extermination ExterCan","isPartOf":{"@id":"https:\/\/exterminationmontreal.com\/en\/#website"},"primaryImageOfPage":{"@id":"https:\/\/exterminationmontreal.com\/en\/profile-extermination-extercan\/#primaryimage"},"image":{"@id":"https:\/\/exterminationmontreal.com\/en\/profile-extermination-extercan\/#primaryimage"},"thumbnailUrl":"https:\/\/exterminationmontreal.com\/wp-content\/uploads\/2017\/04\/banner_profile.jpg","datePublished":"2017-04-04T17:01:20+00:00","dateModified":"2017-04-13T16:16:17+00:00","breadcrumb":{"@id":"https:\/\/exterminationmontreal.com\/en\/profile-extermination-extercan\/#breadcrumb"},"inLanguage":"en-US","potentialAction":[{"@type":"ReadAction","target":["https:\/\/exterminationmontreal.com\/en\/profile-extermination-extercan\/"]}]},{"@type":"ImageObject","inLanguage":"en-US","@id":"https:\/\/exterminationmontreal.com\/en\/profile-extermination-extercan\/#primaryimage","url":"https:\/\/exterminationmontreal.com\/wp-content\/uploads\/2017\/04\/banner_profile.jpg","contentUrl":"https:\/\/exterminationmontreal.com\/wp-content\/uploads\/2017\/04\/banner_profile.jpg"},{"@type":"BreadcrumbList","@id":"https:\/\/exterminationmontreal.com\/en\/profile-extermination-extercan\/#breadcrumb","itemListElement":[{"@type":"ListItem","position":1,"name":"Home","item":"https:\/\/exterminationmontreal.com\/en\/"},{"@type":"ListItem","position":2,"name":"PROFILE"}]},{"@type":"WebSite","@id":"https:\/\/exterminationmontreal.com\/en\/#website","url":"https:\/\/exterminationmontreal.com\/en\/","name":"Extermination ExterCan","description":"Extermination and Bug Control","publisher":{"@id":"https:\/\/exterminationmontreal.com\/en\/#organization"},"potentialAction":[{"@type":"SearchAction","target":{"@type":"EntryPoint","urlTemplate":"https:\/\/exterminationmontreal.com\/en\/?s={search_term_string}"},"query-input":{"@type":"PropertyValueSpecification","valueRequired":true,"valueName":"search_term_string"}}],"inLanguage":"en-US"},{"@type":"Organization","@id":"https:\/\/exterminationmontreal.com\/en\/#organization","name":"Extermination ExterCan","url":"https:\/\/exterminationmontreal.com\/en\/","logo":{"@type":"ImageObject","inLanguage":"en-US","@id":"https:\/\/exterminationmontreal.com\/en\/#\/schema\/logo\/image\/","url":"https:\/\/exterminationmontreal.com\/wp-content\/uploads\/2017\/04\/extermination_exter_can.jpg","contentUrl":"https:\/\/exterminationmontreal.com\/wp-content\/uploads\/2017\/04\/extermination_exter_can.jpg","width":300,"height":150,"caption":"Extermination ExterCan"},"image":{"@id":"https:\/\/exterminationmontreal.com\/en\/#\/schema\/logo\/image\/"}}]}},"_links":{"self":[{"href":"https:\/\/exterminationmontreal.com\/en\/wp-json\/wp\/v2\/pages\/27","targetHints":{"allow":["GET"]}}],"collection":[{"href":"https:\/\/exterminationmontreal.com\/en\/wp-json\/wp\/v2\/pages"}],"about":[{"href":"https:\/\/exterminationmontreal.com\/en\/wp-json\/wp\/v2\/types\/page"}],"author":[{"embeddable":true,"href":"https:\/\/exterminationmontreal.com\/en\/wp-json\/wp\/v2\/users\/2"}],"replies":[{"embeddable":true,"href":"https:\/\/exterminationmontreal.com\/en\/wp-json\/wp\/v2\/comments?post=27"}],"version-history":[{"count":4,"href":"https:\/\/exterminationmontreal.com\/en\/wp-json\/wp\/v2\/pages\/27\/revisions"}],"predecessor-version":[{"id":106,"href":"https:\/\/exterminationmontreal.com\/en\/wp-json\/wp\/v2\/pages\/27\/revisions\/106"}],"wp:attachment":[{"href":"https:\/\/exterminationmontreal.com\/en\/wp-json\/wp\/v2\/media?parent=27"}],"curies":[{"name":"wp","href":"https:\/\/api.w.org\/{rel}","templated":true}]}}